{"id":1686,"date":"2024-08-07T12:47:37","date_gmt":"2024-08-07T15:47:37","guid":{"rendered":"https:\/\/cajapopular.gov.ar\/?page_id=1686"},"modified":"2026-02-04T09:35:26","modified_gmt":"2026-02-04T12:35:26","slug":"caucion","status":"publish","type":"page","link":"https:\/\/www.cajapopular.gov.ar\/index.php\/caucion\/","title":{"rendered":"Cauci\u00f3n"},"content":{"rendered":"<p>[et_pb_section fb_built=\u00bb1&#8243; admin_label=\u00bbHero\u00bb _builder_version=\u00bb4.27.4&#8243; background_color=\u00bb#9b9b9b\u00bb background_image=\u00bbhttps:\/\/cajapopular.gov.ar\/wp-content\/uploads\/2024\/08\/Slider-6.png\u00bb custom_margin=\u00bb-30px||-7px||false|false\u00bb custom_padding=\u00bb6vw||6vw||true|false\u00bb global_colors_info=\u00bb{}\u00bb][et_pb_row column_structure=\u00bb2_3,1_3&#8243; custom_padding_last_edited=\u00bbon|phone\u00bb _builder_version=\u00bb4.27.4&#8243; custom_margin=\u00bb9px||16px||false|false\u00bb custom_margin_tablet=\u00bb25px||||false|false\u00bb custom_margin_phone=\u00bb25px||-94px||false|false\u00bb custom_margin_last_edited=\u00bbon|desktop\u00bb custom_padding=\u00bb0px||||false|false\u00bb custom_padding_tablet=\u00bb0px||103px||false|false\u00bb custom_padding_phone=\u00bb||139px||false|false\u00bb global_colors_info=\u00bb{}\u00bb][et_pb_column type=\u00bb2_3&#8243; _builder_version=\u00bb4.22.1&#8243; custom_padding=\u00bb|||\u00bb global_colors_info=\u00bb{}\u00bb custom_padding__hover=\u00bb|||\u00bb][et_pb_text _builder_version=\u00bb4.22.1&#8243; text_font=\u00bb||||||||\u00bb header_font=\u00bbRoboto|700|||||||\u00bb header_font_size=\u00bb64px\u00bb header_line_height=\u00bb1.1em\u00bb background_layout=\u00bbdark\u00bb max_width=\u00bb800px\u00bb custom_margin=\u00bb||0px|\u00bb custom_margin_tablet=\u00bb||0px|\u00bb custom_margin_phone=\u00bb72px||-86px|1px|false|false\u00bb custom_margin_last_edited=\u00bbon|phone\u00bb custom_padding=\u00bb5px||0px|11px|false|false\u00bb text_font_size_tablet=\u00bb14px\u00bb text_font_size_last_edited=\u00bboff|desktop\u00bb header_font_size_tablet=\u00bb44px\u00bb header_font_size_phone=\u00bb32px\u00bb header_font_size_last_edited=\u00bbon|phone\u00bb border_color_all=\u00bb#007d83&#8243; border_width_left=\u00bb10px\u00bb global_colors_info=\u00bb{}\u00bb]<\/p>\n<h1>Cauci\u00f3n<\/h1>\n<p>[\/et_pb_text][et_pb_text _builder_version=\u00bb4.27.4&#8243; text_font=\u00bbRoboto||||||||\u00bb text_font_size=\u00bb22px\u00bb text_line_height=\u00bb1.6em\u00bb header_font=\u00bb||||||||\u00bb background_layout=\u00bbdark\u00bb max_width=\u00bb800px\u00bb custom_margin=\u00bb14px||-20px||false|false\u00bb custom_margin_tablet=\u00bb145px||-153px||false|false\u00bb custom_margin_phone=\u00bb73px||-154px||false|false\u00bb custom_margin_last_edited=\u00bbon|phone\u00bb custom_padding=\u00bb20px||20px||true\u00bb text_font_size_tablet=\u00bb18px\u00bb text_font_size_phone=\u00bb\u00bb text_font_size_last_edited=\u00bbon|phone\u00bb global_colors_info=\u00bb{}\u00bb]<\/p>\n<p><strong>El seguro de cauci\u00f3n ofrece una garant\u00eda sobre los contratos para obras p\u00fablicas.<\/strong><\/p>\n<p><strong><\/strong><\/p>\n<p><strong><\/strong><\/p>\n<p>[\/et_pb_text][\/et_pb_column][et_pb_column type=\u00bb1_3&#8243; _builder_version=\u00bb4.16&#8243; custom_padding=\u00bb|||\u00bb global_colors_info=\u00bb{}\u00bb custom_padding__hover=\u00bb|||\u00bb][\/et_pb_column][\/et_pb_row][\/et_pb_section][et_pb_section fb_built=\u00bb1&#8243; disabled_on=\u00bboff|off|off\u00bb admin_label=\u00bbSection\u00bb _builder_version=\u00bb4.22.1&#8243; _module_preset=\u00bbdefault\u00bb background_color=\u00bbRGBA(255,255,255,0)\u00bb width_tablet=\u00bb\u00bb width_phone=\u00bb100%\u00bb width_last_edited=\u00bbon|phone\u00bb max_width=\u00bb100%\u00bb max_width_tablet=\u00bb100%\u00bb max_width_phone=\u00bb100%\u00bb max_width_last_edited=\u00bbon|phone\u00bb min_height_tablet=\u00bb\u00bb min_height_phone=\u00bb100px\u00bb min_height_last_edited=\u00bbon|phone\u00bb height_tablet=\u00bb\u00bb height_phone=\u00bb100px\u00bb height_last_edited=\u00bbon|phone\u00bb max_height_tablet=\u00bb\u00bb max_height_phone=\u00bb100px\u00bb max_height_last_edited=\u00bbon|phone\u00bb custom_margin_tablet=\u00bb\u00bb custom_margin_phone=\u00bb-33px|-5px||0px|false|false\u00bb custom_margin_last_edited=\u00bbon|phone\u00bb custom_padding=\u00bb0px|6px|0px|0px|false|false\u00bb global_colors_info=\u00bb{}\u00bb][et_pb_row _builder_version=\u00bb4.22.1&#8243; _module_preset=\u00bbdefault\u00bb global_colors_info=\u00bb{}\u00bb][et_pb_column type=\u00bb4_4&#8243; _builder_version=\u00bb4.22.1&#8243; _module_preset=\u00bbdefault\u00bb global_colors_info=\u00bb{}\u00bb][et_pb_button button_text=\u00bb \u00bb button_alignment=\u00bbright\u00bb module_id=\u00bbboton-flotante\u00bb module_class=\u00bbboton-flotante\u00bb _builder_version=\u00bb4.22.1&#8243; _module_preset=\u00bbdefault\u00bb custom_button=\u00bbon\u00bb button_text_size=\u00bb20px\u00bb button_text_color=\u00bb#ffffff\u00bb button_bg_color=\u00bb#e9530d\u00bb button_border_width=\u00bb2px\u00bb button_border_radius=\u00bb78px\u00bb button_letter_spacing=\u00bb0px\u00bb button_icon=\u00bb&#x3a;||divi||400&#8243; button_icon_color=\u00bb#ffffff\u00bb button_icon_placement=\u00bbleft\u00bb button_on_hover=\u00bboff\u00bb positioning=\u00bbfixed\u00bb z_index=\u00bb0&#8243; custom_margin=\u00bb6px|-149px|5px|-19px|false|false\u00bb custom_padding=\u00bb31px|7px|63px|38px|false|false\u00bb box_shadow_style=\u00bbpreset2&#8243; global_colors_info=\u00bb{}\u00bb][\/et_pb_button][\/et_pb_column][\/et_pb_row][\/et_pb_section][et_pb_section fb_built=\u00bb1&#8243; custom_padding_last_edited=\u00bboff|desktop\u00bb admin_label=\u00bbHeader\u00bb _builder_version=\u00bb4.16&#8243; _module_preset=\u00bbdefault\u00bb background_enable_color=\u00bboff\u00bb background_enable_image=\u00bboff\u00bb min_height=\u00bb446px\u00bb overflow-x=\u00bbhidden\u00bb overflow-y=\u00bbhidden\u00bb custom_padding=\u00bb||2px|||\u00bb custom_padding_phone=\u00bb60px||0px||false|false\u00bb locked=\u00bboff\u00bb global_colors_info=\u00bb{}\u00bb][et_pb_row column_structure=\u00bb1_3,1_3,1_3&#8243; _builder_version=\u00bb4.22.1&#8243; _module_preset=\u00bbdefault\u00bb max_width=\u00bb1481px\u00bb custom_margin=\u00bb-7px||12px|214px|false|false\u00bb custom_margin_tablet=\u00bb-7px||12px|214px|false|false\u00bb custom_margin_phone=\u00bb-18px||12px|33px|false|false\u00bb custom_margin_last_edited=\u00bbon|phone\u00bb custom_padding=\u00bb|||0px||\u00bb global_colors_info=\u00bb{}\u00bb][et_pb_column type=\u00bb1_3&#8243; _builder_version=\u00bb4.16&#8243; _module_preset=\u00bbdefault\u00bb global_colors_info=\u00bb{}\u00bb][et_pb_text _builder_version=\u00bb4.22.1&#8243; _module_preset=\u00bbdefault\u00bb text_font=\u00bbRoboto|700|||||||\u00bb text_text_color=\u00bb#6B6B6B\u00bb text_font_size=\u00bb30px\u00bb text_line_height=\u00bb1.2em\u00bb header_font=\u00bbRoboto|700|||||||\u00bb header_text_color=\u00bb#474747&#8243; header_font_size=\u00bb19px\u00bb min_height=\u00bb83px\u00bb custom_margin=\u00bb-6px||-12px||false|false\u00bb custom_padding=\u00bb|0px|43px|0px||\u00bb global_colors_info=\u00bb{}\u00bb]<\/p>\n<p><strong>Garant\u00edas de Cauci\u00f3n:<\/strong><\/p>\n<p>[\/et_pb_text][et_pb_text _builder_version=\u00bb4.27.4&#8243; _module_preset=\u00bbdefault\u00bb text_text_color=\u00bb#939393&#8243; text_font_size=\u00bb15px\u00bb custom_margin=\u00bb-20px||-3px||false|false\u00bb global_colors_info=\u00bb{}\u00bb]<\/p>\n<p><span style=\"color: #606060;\"><b>OBRA P\u00daBLICA<\/b><\/span><\/p>\n<p>[\/et_pb_text][et_pb_text _builder_version=\u00bb4.27.4&#8243; _module_preset=\u00bbdefault\u00bb text_font_size=\u00bb15px\u00bb custom_margin=\u00bb16px||||false|false\u00bb global_colors_info=\u00bb{}\u00bb]<\/p>\n<p><strong><span style=\"color: #007d83;\">&#8211; \u00a0Mantenimiento de Oferta<\/span><\/strong><\/p>\n<p><strong><span style=\"color: #007d83;\">&#8211; \u00a0Ejecuci\u00f3n de Contrato<\/span><\/strong><\/p>\n<p><strong><span style=\"color: #007d83;\">&#8211; \u00a0Sustituci\u00f3n de Fondos de Reparo<\/span><\/strong><\/p>\n<p><strong><span style=\"color: #007d83;\">&#8211; \u00a0Garant\u00eda de Anticipos y Acopio de Materiales<\/span><\/strong><\/p>\n<p>[\/et_pb_text][\/et_pb_column][et_pb_column type=\u00bb1_3&#8243; _builder_version=\u00bb4.16&#8243; _module_preset=\u00bbdefault\u00bb global_colors_info=\u00bb{}\u00bb][et_pb_text _builder_version=\u00bb4.22.1&#8243; _module_preset=\u00bbdefault\u00bb custom_margin=\u00bb65px|||35px|false|false\u00bb custom_margin_tablet=\u00bb65px|||35px|false|false\u00bb custom_margin_phone=\u00bb13px|||7px|false|false\u00bb custom_margin_last_edited=\u00bbon|phone\u00bb global_colors_info=\u00bb{}\u00bb]<\/p>\n<p><span style=\"color: #606060;\"><b>SUMINISTROS Y\/O SERVICIOS<\/b><\/span><\/p>\n<p>[\/et_pb_text][et_pb_text _builder_version=\u00bb4.22.1&#8243; _module_preset=\u00bbdefault\u00bb custom_margin=\u00bb-26px|||35px|false|false\u00bb custom_margin_tablet=\u00bb-26px|||35px|false|false\u00bb custom_margin_phone=\u00bb-26px|||8px|false|false\u00bb custom_margin_last_edited=\u00bbon|phone\u00bb global_colors_info=\u00bb{}\u00bb]<\/p>\n<p><strong><span style=\"color: #007d83;\">&#8211; \u00a0Garant\u00eda de la Oferta<\/span><\/strong><\/p>\n<p><strong><span style=\"color: #007d83;\">&#8211; \u00a0Garant\u00eda de la Adjudicaci\u00f3n<\/span><\/strong><\/p>\n<p><strong><span style=\"color: #007d83;\">&#8211; \u00a0Sustituci\u00f3n de Fondos de Reparo<\/span><\/strong><\/p>\n<p><strong><span style=\"color: #007d83;\">&#8211; \u00a0Garant\u00eda de Anticipos y\/o Acopio<\/span><\/strong><\/p>\n<p>[\/et_pb_text][\/et_pb_column][et_pb_column type=\u00bb1_3&#8243; _builder_version=\u00bb4.16&#8243; _module_preset=\u00bbdefault\u00bb global_colors_info=\u00bb{}\u00bb][et_pb_text _builder_version=\u00bb4.22.1&#8243; _module_preset=\u00bbdefault\u00bb custom_margin=\u00bb61px||||false|false\u00bb custom_margin_tablet=\u00bb61px||||false|false\u00bb custom_margin_phone=\u00bb34px||||false|false\u00bb custom_margin_last_edited=\u00bbon|phone\u00bb global_colors_info=\u00bb{}\u00bb]<\/p>\n<p><span style=\"color: #606060;\"><b>SEGUROS DE CAUCI\u00d3N PARA GARANT\u00cdAS ADUANERAS<\/b><\/span><\/p>\n<p>[\/et_pb_text][et_pb_text _builder_version=\u00bb4.22.1&#8243; _module_preset=\u00bbdefault\u00bb global_colors_info=\u00bb{}\u00bb]<\/p>\n<p>Todas las Garant\u00edas requieren previa calificaci\u00f3n de la situaci\u00f3n patrimonial y financiera de la empresa.<\/p>\n<p>[\/et_pb_text][\/et_pb_column][\/et_pb_row][\/et_pb_section][et_pb_section fb_built=\u00bb1&#8243; custom_padding_last_edited=\u00bbon|phone\u00bb _builder_version=\u00bb4.27.4&#8243; _module_preset=\u00bbdefault\u00bb background_image=\u00bbhttps:\/\/www.cajapopular.gov.ar\/wp-content\/uploads\/2025\/10\/Slider-FECPA-1920-x-600-3.png\u00bb custom_margin_tablet=\u00bb\u00bb custom_margin_phone=\u00bb-4px||29px||false|false\u00bb custom_margin_last_edited=\u00bbon|phone\u00bb custom_padding_tablet=\u00bb\u00bb custom_padding_phone=\u00bb10px||194px||false|false\u00bb global_colors_info=\u00bb{}\u00bb][et_pb_row column_structure=\u00bb1_2,1_2&#8243; _builder_version=\u00bb4.27.4&#8243; _module_preset=\u00bbdefault\u00bb width=\u00bb82%\u00bb max_width=\u00bb694px\u00bb min_height=\u00bb261px\u00bb height=\u00bb253px\u00bb custom_margin=\u00bb||||false|false\u00bb global_colors_info=\u00bb{}\u00bb][et_pb_column type=\u00bb1_2&#8243; _builder_version=\u00bb4.27.4&#8243; _module_preset=\u00bbdefault\u00bb global_colors_info=\u00bb{}\u00bb][et_pb_text _builder_version=\u00bb4.27.4&#8243; _module_preset=\u00bbdefault\u00bb header_font=\u00bbOpen Sans|700|||||||\u00bb header_text_color=\u00bb#ffffff\u00bb global_colors_info=\u00bb{}\u00bb]<\/p>\n<h1 style=\"text-align: center;\">Evit\u00e1 el fraude<\/h1>\n<p>[\/et_pb_text][et_pb_button button_url=\u00bbhttps:\/\/www.cajapopular.gov.ar\/index.php\/3695-2\/\u00bb button_text=\u00bbPersonas\u00bb button_alignment=\u00bbcenter\u00bb _builder_version=\u00bb4.27.4&#8243; _module_preset=\u00bbdefault\u00bb custom_button=\u00bbon\u00bb button_text_size=\u00bb16px\u00bb button_text_color=\u00bb#f2f2f2&#8243; button_border_radius=\u00bb7px\u00bb button_icon=\u00bb&#x3d;||divi||400&#8243; global_colors_info=\u00bb{}\u00bb][\/et_pb_button][et_pb_button button_url=\u00bbhttps:\/\/www.cajapopular.gov.ar\/index.php\/prevencion-de-fraude-productores-de-seguros\/\u00bb button_text=\u00bbProductores de seguros\u00bb button_alignment=\u00bbcenter\u00bb _builder_version=\u00bb4.27.4&#8243; _module_preset=\u00bbdefault\u00bb custom_button=\u00bbon\u00bb button_text_size=\u00bb16px\u00bb button_text_color=\u00bb#f4f4f4&#8243; button_border_radius=\u00bb7px\u00bb button_icon=\u00bb&#x3d;||divi||400&#8243; global_colors_info=\u00bb{}\u00bb][\/et_pb_button][\/et_pb_column][et_pb_column type=\u00bb1_2&#8243; _builder_version=\u00bb4.27.4&#8243; _module_preset=\u00bbdefault\u00bb global_colors_info=\u00bb{}\u00bb][et_pb_text _builder_version=\u00bb4.27.4&#8243; _module_preset=\u00bbdefault\u00bb header_font=\u00bbOpen Sans|700|||||||\u00bb header_text_color=\u00bb#fcfcfc\u00bb global_colors_info=\u00bb{}\u00bb]<\/p>\n<h1 style=\"text-align: center;\">UIF<\/h1>\n<p>[\/et_pb_text][et_pb_button button_url=\u00bbhttps:\/\/cajapopular.gov.ar\/wp-content\/uploads\/2024\/12\/DDJJ-Persona-Fisica.pdf\u00bb url_new_window=\u00bbon\u00bb button_text=\u00bbPersonas F\u00edsicas\u00bb button_alignment=\u00bbcenter\u00bb _builder_version=\u00bb4.27.4&#8243; _module_preset=\u00bbdefault\u00bb custom_button=\u00bbon\u00bb button_text_size=\u00bb16px\u00bb button_text_color=\u00bb#ffffff\u00bb button_border_radius=\u00bb7px\u00bb button_icon=\u00bb&#x3d;||divi||400&#8243; global_colors_info=\u00bb{}\u00bb][\/et_pb_button][et_pb_button button_url=\u00bbhttps:\/\/cajapopular.gov.ar\/wp-content\/uploads\/2024\/12\/DDJJ-Persona-Juridica.pdf\u00bb url_new_window=\u00bbon\u00bb button_text=\u00bbPersonas Jur\u00eddicas\u00bb button_alignment=\u00bbcenter\u00bb _builder_version=\u00bb4.27.4&#8243; _module_preset=\u00bbdefault\u00bb custom_button=\u00bbon\u00bb button_text_size=\u00bb16px\u00bb button_text_color=\u00bb#ffffff\u00bb button_border_width=\u00bb2px\u00bb button_border_radius=\u00bb7px\u00bb button_icon=\u00bb&#x3d;||divi||400&#8243; global_colors_info=\u00bb{}\u00bb][\/et_pb_button][\/et_pb_column][\/et_pb_row][\/et_pb_section][et_pb_section fb_built=\u00bb1&#8243; _builder_version=\u00bb4.22.1&#8243; _module_preset=\u00bbdefault\u00bb z_index=\u00bb-100&#8243; global_colors_info=\u00bb{}\u00bb][et_pb_row _builder_version=\u00bb4.22.1&#8243; _module_preset=\u00bbdefault\u00bb width=\u00bb94%\u00bb max_width=\u00bb2126px\u00bb global_colors_info=\u00bb{}\u00bb][et_pb_column type=\u00bb4_4&#8243; _builder_version=\u00bb4.22.1&#8243; _module_preset=\u00bbdefault\u00bb global_colors_info=\u00bb{}\u00bb][et_pb_image src=\u00bbhttps:\/\/www.cajapopular.gov.ar\/wp-content\/uploads\/2025\/08\/ssn_2025_agosto_04_Mesa-de-trabajo-1-scaled.jpg\u00bb title_text=\u00bbssn_2025_agosto_04_Mesa de trabajo 1&#8243; src_tablet=\u00bbhttps:\/\/cajapopular.gov.ar\/wp-content\/uploads\/2024\/12\/ssrt-scaled.jpg\u00bb src_phone=\u00bbhttps:\/\/cajapopular.gov.ar\/wp-content\/uploads\/2025\/01\/ssn_caja_movil-02.jpg\u00bb src_last_edited=\u00bbon|phone\u00bb _builder_version=\u00bb4.27.4&#8243; _module_preset=\u00bbdefault\u00bb width_tablet=\u00bb\u00bb width_phone=\u00bb100%\u00bb width_last_edited=\u00bbon|phone\u00bb max_width_tablet=\u00bb\u00bb max_width_phone=\u00bb100%\u00bb max_width_last_edited=\u00bbon|phone\u00bb min_height_tablet=\u00bb\u00bb min_height_phone=\u00bb462px\u00bb min_height_last_edited=\u00bbon|phone\u00bb height_tablet=\u00bb\u00bb height_phone=\u00bb284px\u00bb height_last_edited=\u00bbon|phone\u00bb max_height_tablet=\u00bb\u00bb max_height_phone=\u00bb802px\u00bb max_height_last_edited=\u00bbon|phone\u00bb custom_margin_tablet=\u00bb\u00bb custom_margin_phone=\u00bb-6px|10px|9px|-14px|false|false\u00bb custom_margin_last_edited=\u00bbon|phone\u00bb custom_padding=\u00bb6px|0px|10px|0px|false|false\u00bb global_colors_info=\u00bb{}\u00bb][\/et_pb_image][\/et_pb_column][\/et_pb_row][\/et_pb_section][et_pb_section fb_built=\u00bb1&#8243; _builder_version=\u00bb4.27.4&#8243; _module_preset=\u00bbdefault\u00bb background_color=\u00bb#eaeaea\u00bb custom_margin=\u00bb39px||||false|false\u00bb custom_padding=\u00bb0px||0px||false|false\u00bb global_colors_info=\u00bb{}\u00bb][et_pb_row column_structure=\u00bb1_3,1_3,1_3&#8243; _builder_version=\u00bb4.27.4&#8243; _module_preset=\u00bbdefault\u00bb global_colors_info=\u00bb{}\u00bb][et_pb_column type=\u00bb1_3&#8243; _builder_version=\u00bb4.27.4&#8243; _module_preset=\u00bbdefault\u00bb global_colors_info=\u00bb{}\u00bb][et_pb_text _builder_version=\u00bb4.27.4&#8243; _module_preset=\u00bbdefault\u00bb header_font=\u00bbOpen Sans|700|||||||\u00bb header_text_color=\u00bb#606060&#8243; header_font_size=\u00bb24px\u00bb global_colors_info=\u00bb{}\u00bb]<\/p>\n<h1>Cont\u00e1ctate con Seguros:<\/h1>\n<p>[\/et_pb_text][et_pb_blurb use_icon=\u00bbon\u00bb font_icon=\u00bb&#xe010;||divi||400&#8243; icon_color=\u00bb#007d83&#8243; icon_placement=\u00bbleft\u00bb image_icon_width=\u00bb20px\u00bb content_max_width=\u00bb100%\u00bb _builder_version=\u00bb4.27.4&#8243; _module_preset=\u00bbdefault\u00bb header_font=\u00bbRoboto|700|||||||\u00bb header_text_color=\u00bb#606060&#8243; header_font_size=\u00bb24px\u00bb header_line_height=\u00bb1.2em\u00bb body_font=\u00bbRoboto|300|||||||\u00bb body_line_height=\u00bb1.8em\u00bb image_icon_custom_margin=\u00bb4px|0px|4px|0px|true|false\u00bb custom_margin=\u00bb-7px||-5px||false|false\u00bb custom_margin_tablet=\u00bb||-31px|||\u00bb custom_margin_phone=\u00bb-31px||-31px|0px|false|false\u00bb custom_margin_last_edited=\u00bbon|phone\u00bb custom_padding=\u00bb3px||1px|0px|false|false\u00bb animation=\u00bboff\u00bb hover_enabled=\u00bb0&#8243; header_font_size_tablet=\u00bb20px\u00bb header_font_size_phone=\u00bb18px\u00bb header_font_size_last_edited=\u00bbon|desktop\u00bb locked=\u00bboff\u00bb global_colors_info=\u00bb{}\u00bb sticky_enabled=\u00bb0&#8243;]<\/p>\n<p><a href=\"mailto:producci\u00f3ndeseguro@cajapopular.gov.ar\"><span>producci\u00f3ndeseguro@cajapopular.gov.ar<\/span><\/a><\/p>\n<p>[\/et_pb_blurb][\/et_pb_column][et_pb_column type=\u00bb1_3&#8243; _builder_version=\u00bb4.27.4&#8243; _module_preset=\u00bbdefault\u00bb global_colors_info=\u00bb{}\u00bb][et_pb_text _builder_version=\u00bb4.27.4&#8243; _module_preset=\u00bbdefault\u00bb header_font=\u00bbOpen Sans|700|||||||\u00bb header_text_color=\u00bb#606060&#8243; header_font_size=\u00bb24px\u00bb global_colors_info=\u00bb{}\u00bb]<\/p>\n<h1 style=\"text-align: left;\">Atenci\u00f3n al P\u00fablico<\/h1>\n<p style=\"text-align: left;\">Lunes a Viernes de 8:00 a 14:00 hs<br \/><a href=\"tel:4306294\" target=\"_blank\" rel=\"noopener\"><\/a>(0381) 430 6294<br \/><a href=\"tel:4311341\" target=\"_blank\" rel=\"noopener\">(0381) 4311 341<\/a> \/ <a href=\"tel:4319572\" target=\"_blank\" rel=\"noopener\">4319 572<\/a><br \/><a href=\"tel:4319580\" target=\"_blank\" rel=\"noopener\">(0381) 4319 580<\/a><\/p>\n<p>[\/et_pb_text][et_pb_blurb title=\u00bbWhatsapp\u00bb use_icon=\u00bbon\u00bb font_icon=\u00bb&#xf232;||fa||400&#8243; icon_color=\u00bb#007d83&#8243; icon_placement=\u00bbleft\u00bb image_icon_width=\u00bb20px\u00bb content_max_width=\u00bb100%\u00bb font_icon_last_edited=\u00bboff|desktop\u00bb _builder_version=\u00bb4.27.4&#8243; _module_preset=\u00bbdefault\u00bb header_font=\u00bbRoboto|700|||||||\u00bb header_text_color=\u00bb#606060&#8243; header_font_size=\u00bb17px\u00bb header_line_height=\u00bb1.2em\u00bb body_font=\u00bbRoboto|300|||||||\u00bb body_line_height=\u00bb1.8em\u00bb image_icon_custom_margin=\u00bb2px|-1px|2px|-1px|true|true\u00bb image_icon_custom_padding=\u00bb|8px|0px|0px|false|false\u00bb min_height=\u00bb73px\u00bb custom_padding=\u00bb0px||3px|||\u00bb animation=\u00bboff\u00bb header_font_size_tablet=\u00bb20px\u00bb header_font_size_phone=\u00bb18px\u00bb header_font_size_last_edited=\u00bbon|desktop\u00bb global_colors_info=\u00bb{}\u00bb font_icon__hover_enabled=\u00bboff|desktop\u00bb]<\/p>\n<p><a href=\"https:\/\/wa.me\/+5493812143007\" target=\"_blank\" rel=\"noopener\"><span>381 214 3007<\/span><\/a><\/p>\n<p>[\/et_pb_blurb][\/et_pb_column][et_pb_column type=\u00bb1_3&#8243; _builder_version=\u00bb4.27.4&#8243; _module_preset=\u00bbdefault\u00bb global_colors_info=\u00bb{}\u00bb][et_pb_text _builder_version=\u00bb4.27.4&#8243; _module_preset=\u00bbdefault\u00bb header_font=\u00bbOpen Sans|700|||||||\u00bb header_text_color=\u00bb#606060&#8243; header_font_size=\u00bb24px\u00bb global_colors_info=\u00bb{}\u00bb]<\/p>\n<h1 style=\"text-align: left;\">Direcci\u00f3n<\/h1>\n<p style=\"text-align: left;\"><a href=\"https:\/\/maps.app.goo.gl\/dLaye26Pb5Wz5U8aA\" target=\"_blank\" rel=\"noopener\">24 de Septiembre 942\/946<\/a><\/p>\n<p style=\"text-align: left;\">(Dpto. Seguros)<\/p>\n<p>[\/et_pb_text][\/et_pb_column][\/et_pb_row][\/et_pb_section]<\/p>\n","protected":false},"excerpt":{"rendered":"<p>Cauci\u00f3nEl seguro de cauci\u00f3n ofrece una garant\u00eda sobre los contratos para obras p\u00fablicas. Garant\u00edas de Cauci\u00f3n:OBRA P\u00daBLICA- \u00a0Mantenimiento de Oferta &#8211; \u00a0Ejecuci\u00f3n de Contrato &#8211; \u00a0Sustituci\u00f3n de Fondos de Reparo &#8211; \u00a0Garant\u00eda de Anticipos y Acopio de MaterialesSUMINISTROS Y\/O SERVICIOS- \u00a0Garant\u00eda de la Oferta &#8211; \u00a0Garant\u00eda de la Adjudicaci\u00f3n &#8211; \u00a0Sustituci\u00f3n de Fondos de Reparo [&hellip;]<\/p>\n","protected":false},"author":6,"featured_media":0,"parent":0,"menu_order":0,"comment_status":"closed","ping_status":"closed","template":"","meta":{"_et_pb_use_builder":"on","_et_pb_old_content":"","_et_gb_content_width":"","footnotes":""},"class_list":["post-1686","page","type-page","status-publish","hentry"],"_links":{"self":[{"href":"https:\/\/www.cajapopular.gov.ar\/index.php\/wp-json\/wp\/v2\/pages\/1686","targetHints":{"allow":["GET"]}}],"collection":[{"href":"https:\/\/www.cajapopular.gov.ar\/index.php\/wp-json\/wp\/v2\/pages"}],"about":[{"href":"https:\/\/www.cajapopular.gov.ar\/index.php\/wp-json\/wp\/v2\/types\/page"}],"author":[{"embeddable":true,"href":"https:\/\/www.cajapopular.gov.ar\/index.php\/wp-json\/wp\/v2\/users\/6"}],"replies":[{"embeddable":true,"href":"https:\/\/www.cajapopular.gov.ar\/index.php\/wp-json\/wp\/v2\/comments?post=1686"}],"version-history":[{"count":26,"href":"https:\/\/www.cajapopular.gov.ar\/index.php\/wp-json\/wp\/v2\/pages\/1686\/revisions"}],"predecessor-version":[{"id":7316,"href":"https:\/\/www.cajapopular.gov.ar\/index.php\/wp-json\/wp\/v2\/pages\/1686\/revisions\/7316"}],"wp:attachment":[{"href":"https:\/\/www.cajapopular.gov.ar\/index.php\/wp-json\/wp\/v2\/media?parent=1686"}],"curies":[{"name":"wp","href":"https:\/\/api.w.org\/{rel}","templated":true}]}}